{"id":335,"date":"2024-02-29T10:01:27","date_gmt":"2024-02-29T09:01:27","guid":{"rendered":"https:\/\/woodaxe.be\/?page_id=335"},"modified":"2024-03-26T11:26:22","modified_gmt":"2024-03-26T10:26:22","slug":"loisirs","status":"publish","type":"page","link":"https:\/\/woodaxe.be\/index.php\/loisirs\/","title":{"rendered":"Loisirs"},"content":{"rendered":"\n<p><\/p>\n\n\n\n<div class=\"wp-block-group\"><div class=\"wp-block-group__inner-container is-layout-constrained wp-block-group-is-layout-constrained\">\n<div class=\"wp-block-media-text is-stacked-on-mobile\" style=\"grid-template-columns:15% auto\"><figure class=\"wp-block-media-text__media\"><img loading=\"lazy\" decoding=\"async\" width=\"867\" height=\"1024\" src=\"http:\/\/woodaxe.be\/wp-content\/uploads\/2024\/02\/Chaise-de-battue-1-867x1024.png\" alt=\"Chaise de battue pliable\" class=\"wp-image-347 size-full\" srcset=\"https:\/\/woodaxe.be\/wp-content\/uploads\/2024\/02\/Chaise-de-battue-1-867x1024.png 867w, https:\/\/woodaxe.be\/wp-content\/uploads\/2024\/02\/Chaise-de-battue-1-254x300.png 254w, https:\/\/woodaxe.be\/wp-content\/uploads\/2024\/02\/Chaise-de-battue-1-768x907.png 768w, https:\/\/woodaxe.be\/wp-content\/uploads\/2024\/02\/Chaise-de-battue-1-1300x1536.png 1300w, https:\/\/woodaxe.be\/wp-content\/uploads\/2024\/02\/Chaise-de-battue-1-1734x2048.png 1734w\" sizes=\"auto, (max-width: 867px) 100vw, 867px\" \/><\/figure><div class=\"wp-block-media-text__content\">\n<h2 class=\"wp-block-heading has-large-font-size\" style=\"text-transform:none\">Chaise de battue<\/h2>\n\n\n\n<details class=\"wp-block-details is-layout-flow wp-block-details-is-layout-flow\"><summary>Chaise de battue pour chasse<\/summary>\n<p>Fabrication de chaise de battue pliable pour la chasse<\/p>\n<\/details>\n<\/div><\/div>\n<\/div><\/div>\n\n\n\n<div class=\"wp-block-group\"><div class=\"wp-block-group__inner-container is-layout-constrained wp-block-group-is-layout-constrained\">\n<div class=\"wp-block-media-text is-stacked-on-mobile\" style=\"grid-template-columns:15% auto\"><figure class=\"wp-block-media-text__media\"><img loading=\"lazy\" decoding=\"async\" width=\"567\" height=\"1024\" src=\"http:\/\/woodaxe.be\/wp-content\/uploads\/2024\/02\/Mirador-4m-Axo-1-567x1024.png\" alt=\"Conception d'un mirador en X\" class=\"wp-image-343 size-full\" srcset=\"https:\/\/woodaxe.be\/wp-content\/uploads\/2024\/02\/Mirador-4m-Axo-1-567x1024.png 567w, https:\/\/woodaxe.be\/wp-content\/uploads\/2024\/02\/Mirador-4m-Axo-1-166x300.png 166w, https:\/\/woodaxe.be\/wp-content\/uploads\/2024\/02\/Mirador-4m-Axo-1-768x1386.png 768w, https:\/\/woodaxe.be\/wp-content\/uploads\/2024\/02\/Mirador-4m-Axo-1-851x1536.png 851w, https:\/\/woodaxe.be\/wp-content\/uploads\/2024\/02\/Mirador-4m-Axo-1-1135x2048.png 1135w\" sizes=\"auto, (max-width: 567px) 100vw, 567px\" \/><\/figure><div class=\"wp-block-media-text__content\">\n<h2 class=\"wp-block-heading has-large-font-size\" style=\"text-transform:none\">Mirador<\/h2>\n\n\n\n<details class=\"wp-block-details is-layout-flow wp-block-details-is-layout-flow\"><summary>Mirador<\/summary>\n<p>Cr\u00e9ation de mirador sur demande, pouvant \u00eatre ferm\u00e9.<\/p>\n<\/details>\n<\/div><\/div>\n<\/div><\/div>\n\n\n\n<div class=\"wp-block-group\"><div class=\"wp-block-group__inner-container is-layout-constrained wp-block-group-is-layout-constrained\">\n<div class=\"wp-block-media-text is-stacked-on-mobile\" style=\"grid-template-columns:15% auto\"><figure class=\"wp-block-media-text__media\"><img loading=\"lazy\" decoding=\"async\" width=\"1024\" height=\"593\" src=\"http:\/\/woodaxe.be\/wp-content\/uploads\/2024\/02\/Table-axo-1-cotee-1024x593.png\" alt=\"\" class=\"wp-image-345 size-full\" srcset=\"https:\/\/woodaxe.be\/wp-content\/uploads\/2024\/02\/Table-axo-1-cotee-1024x593.png 1024w, https:\/\/woodaxe.be\/wp-content\/uploads\/2024\/02\/Table-axo-1-cotee-300x174.png 300w, https:\/\/woodaxe.be\/wp-content\/uploads\/2024\/02\/Table-axo-1-cotee-768x445.png 768w, https:\/\/woodaxe.be\/wp-content\/uploads\/2024\/02\/Table-axo-1-cotee-1536x890.png 1536w, https:\/\/woodaxe.be\/wp-content\/uploads\/2024\/02\/Table-axo-1-cotee-2048x1186.png 2048w\" sizes=\"auto, (max-width: 1024px) 100vw, 1024px\" \/><\/figure><div class=\"wp-block-media-text__content\">\n<h2 class=\"wp-block-heading has-large-font-size\" style=\"text-transform:none\">Table<\/h2>\n\n\n\n<details class=\"wp-block-details is-layout-flow wp-block-details-is-layout-flow\"><summary>Table en bois<\/summary>\n<p>Table de jardin en m\u00e9l\u00e8ze pour 12 personnes avec bac en inox central.<\/p>\n<\/details>\n<\/div><\/div>\n<\/div><\/div>\n\n\n\n<div style=\"height:100px\" aria-hidden=\"true\" class=\"wp-block-spacer\"><\/div>\n\n\n\n<div class=\"wp-block-cover alignfull is-light\" style=\"min-height:173px;aspect-ratio:unset;\"><span aria-hidden=\"true\" class=\"wp-block-cover__background has-custom-2-background-color has-background-dim-100 has-background-dim\"><\/span><div class=\"wp-block-cover__inner-container is-layout-flow wp-block-cover-is-layout-flow\">\n<p class=\"has-text-align-center has-nv-site-bg-color has-text-color has-link-color has-medium-font-size wp-elements-4e2ecc8943442051f101299e4410b32f\"><\/p>\n\n\n\n<div class=\"wp-block-buttons has-custom-font-size has-small-font-size is-content-justification-center is-layout-flex wp-container-core-buttons-is-layout-16018d1d wp-block-buttons-is-layout-flex\"><\/div>\n<\/div><\/div>\n","protected":false},"excerpt":{"rendered":"<p>Mirador Table<\/p>\n","protected":false},"author":1,"featured_media":0,"parent":0,"menu_order":0,"comment_status":"closed","ping_status":"closed","template":"","meta":{"neve_meta_sidebar":"","neve_meta_container":"","neve_meta_enable_content_width":"","neve_meta_content_width":0,"neve_meta_title_alignment":"","neve_meta_author_avatar":"","neve_post_elements_order":"","neve_meta_disable_header":"","neve_meta_disable_footer":"","neve_meta_disable_title":"","footnotes":""},"class_list":["post-335","page","type-page","status-publish","hentry"],"_links":{"self":[{"href":"https:\/\/woodaxe.be\/index.php\/wp-json\/wp\/v2\/pages\/335","targetHints":{"allow":["GET"]}}],"collection":[{"href":"https:\/\/woodaxe.be\/index.php\/wp-json\/wp\/v2\/pages"}],"about":[{"href":"https:\/\/woodaxe.be\/index.php\/wp-json\/wp\/v2\/types\/page"}],"author":[{"embeddable":true,"href":"https:\/\/woodaxe.be\/index.php\/wp-json\/wp\/v2\/users\/1"}],"replies":[{"embeddable":true,"href":"https:\/\/woodaxe.be\/index.php\/wp-json\/wp\/v2\/comments?post=335"}],"version-history":[{"count":12,"href":"https:\/\/woodaxe.be\/index.php\/wp-json\/wp\/v2\/pages\/335\/revisions"}],"predecessor-version":[{"id":700,"href":"https:\/\/woodaxe.be\/index.php\/wp-json\/wp\/v2\/pages\/335\/revisions\/700"}],"wp:attachment":[{"href":"https:\/\/woodaxe.be\/index.php\/wp-json\/wp\/v2\/media?parent=335"}],"curies":[{"name":"wp","href":"https:\/\/api.w.org\/{rel}","templated":true}]}}