{"id":7,"date":"2024-02-09T10:20:52","date_gmt":"2024-02-09T09:20:52","guid":{"rendered":"http:\/\/woodaxe.be\/?page_id=7"},"modified":"2024-03-26T11:21:01","modified_gmt":"2024-03-26T10:21:01","slug":"accueil","status":"publish","type":"page","link":"https:\/\/woodaxe.be\/","title":{"rendered":"Accueil"},"content":{"rendered":"\n<figure class=\"wp-block-embed aligncenter is-type-video is-provider-youtube wp-block-embed-youtube wp-embed-aspect-16-9 wp-has-aspect-ratio\"><div class=\"wp-block-embed__wrapper\">\n<div class=\"nv-iframe-embed\"><iframe loading=\"lazy\" title=\"Intro woodaxe V2 coup\u00e9e\" width=\"1200\" height=\"675\" src=\"https:\/\/www.youtube.com\/embed\/s3wgHyFtpto?feature=oembed\" frameborder=\"0\" allow=\"accelerometer; autoplay; clipboard-write; encrypted-media; gyroscope; picture-in-picture; web-share\" allowfullscreen><\/iframe><\/div>\n<\/div><\/figure>\n\n\n\n<div class=\"wp-block-group alignfull\"><div class=\"wp-block-group__inner-container is-layout-constrained wp-block-group-is-layout-constrained\">\n<div class=\"wp-block-cover alignfull has-parallax wp-duotone-unset-1\" style=\"margin-top:0;padding-top:5vw;padding-right:5vw;padding-bottom:5vw;padding-left:5vw;min-height:760px;aspect-ratio:unset;\"><span aria-hidden=\"true\" class=\"wp-block-cover__background has-nv-c-1-background-color has-background-dim-70 has-background-dim\"><\/span><div role=\"img\" class=\"wp-block-cover__image-background wp-image-178 has-parallax\" style=\"background-position:50% 50%;background-image:url(http:\/\/woodaxe.be\/wp-content\/uploads\/2024\/02\/Cabane-forestiere-V2-sur-plancher-bois.png)\"><\/div><div class=\"wp-block-cover__inner-container is-layout-flow wp-block-cover-is-layout-flow\">\n<div class=\"wp-block-group is-vertical is-content-justification-right is-nowrap is-layout-flex wp-container-core-group-is-layout-be95414c wp-block-group-is-layout-flex\">\n<p class=\"has-text-align-right has-nv-light-bg-color has-text-color wp-container-content-9cfa9a5a\" style=\"padding-top:var(--wp--preset--spacing--20);padding-right:var(--wp--preset--spacing--20);padding-bottom:var(--wp--preset--spacing--20);padding-left:var(--wp--preset--spacing--20);font-size:50px;font-style:normal;font-weight:300;letter-spacing:-4px;line-height:0.8;text-transform:uppercase\">Conception<\/p>\n<\/div>\n\n\n\n<div class=\"wp-block-group is-vertical is-content-justification-right is-nowrap is-layout-flex wp-container-core-group-is-layout-be95414c wp-block-group-is-layout-flex\">\n<p class=\"has-text-align-right has-nv-light-bg-color has-text-color wp-container-content-9cfa9a5a\" style=\"padding-top:var(--wp--preset--spacing--20);padding-right:var(--wp--preset--spacing--20);padding-bottom:var(--wp--preset--spacing--20);padding-left:var(--wp--preset--spacing--20);font-size:50px;font-style:normal;font-weight:300;letter-spacing:-4px;line-height:0.8;text-transform:uppercase\">Auto &#8211; construction<\/p>\n<\/div>\n\n\n\n<p>     <\/p>\n\n\n\n<p>     <\/p>\n\n\n\n<p>       <\/p>\n\n\n\n<div class=\"wp-block-columns is-layout-flex wp-container-core-columns-is-layout-9d6595d7 wp-block-columns-is-layout-flex\">\n<div class=\"wp-block-column is-layout-flow wp-block-column-is-layout-flow\" style=\"flex-basis:100%\">\n<p>       <\/p>\n<\/div>\n<\/div>\n\n\n\n<div class=\"wp-block-columns is-layout-flex wp-container-core-columns-is-layout-9d6595d7 wp-block-columns-is-layout-flex\">\n<div class=\"wp-block-column is-layout-flow wp-block-column-is-layout-flow\" style=\"flex-basis:100%\">\n<p>       <\/p>\n<\/div>\n<\/div>\n\n\n\n<p>    <\/p>\n\n\n\n<div class=\"wp-block-group alignfull is-vertical is-content-justification-right is-nowrap is-layout-flex wp-container-core-group-is-layout-4a74b229 wp-block-group-is-layout-flex\" style=\"padding-right:var(--wp--preset--spacing--40);padding-left:var(--wp--preset--spacing--40)\">\n<p class=\"has-text-align-right has-nv-light-bg-color has-text-color\" style=\"font-size:33px;font-style:normal;font-weight:300;letter-spacing:-2px;line-height:0.8;text-transform:none\">Priv\u00e9 ou professionnel, Woodaxe vous accompagne !          <\/p>\n<\/div>\n<\/div><\/div>\n<\/div><\/div>\n\n\n\n<p><\/p>\n\n\n\n<h3 class=\"wp-block-heading has-text-align-center\">Exemples de conceptions de charpentes&#8230;<\/h3>\n\n\n\n<div class=\"alignnormal\"><div id=\"metaslider-id-281\" style=\"max-width: 800px; margin: 0 auto;\" class=\"ml-slider-3-61-0 metaslider metaslider-flex metaslider-281 ml-slider ms-theme-blend nav-hidden\" role=\"region\" aria-roledescription=\"Slideshow\" aria-label=\"diapo_accueil\">\n    <div id=\"metaslider_container_281\">\n        <div id=\"metaslider_281\">\n            <ul aria-live=\"polite\" class=\"slides\">\n                <li style=\"display: block; width: 100%;\" class=\"slide-282 ms-image \" aria-roledescription=\"slide\" aria-label=\"slide-282\"><img loading=\"lazy\" decoding=\"async\" src=\"https:\/\/woodaxe.be\/wp-content\/uploads\/2024\/02\/Pergola-axo-1-800x500.png\" height=\"500\" width=\"800\" alt=\"Pergola\" class=\"slider-281 slide-282\" title=\"Pergola\" \/><\/li>\n                <li style=\"display: none; width: 100%;\" class=\"slide-283 ms-image \" aria-roledescription=\"slide\" aria-label=\"slide-283\"><img loading=\"lazy\" decoding=\"async\" src=\"https:\/\/woodaxe.be\/wp-content\/uploads\/2024\/02\/Kiosque-axo-1-800x500.png\" height=\"500\" width=\"800\" alt=\"\" class=\"slider-281 slide-283\" title=\"Kiosque\" \/><\/li>\n                <li style=\"display: none; width: 100%;\" class=\"slide-284 ms-image \" aria-roledescription=\"slide\" aria-label=\"slide-284\"><img loading=\"lazy\" decoding=\"async\" src=\"https:\/\/woodaxe.be\/wp-content\/uploads\/2024\/03\/Apercu-Charpente-Olivier-800x500.jpg\" height=\"500\" width=\"800\" alt=\"\" class=\"slider-281 slide-284\" title=\"Aper\u00e7u Charpente Olivier\" \/><\/li>\n                <li style=\"display: none; width: 100%;\" class=\"slide-285 ms-image \" aria-roledescription=\"slide\" aria-label=\"slide-285\"><img loading=\"lazy\" decoding=\"async\" src=\"https:\/\/woodaxe.be\/wp-content\/uploads\/2024\/02\/Apercu-ferme-1-scaled-800x500.jpg\" height=\"500\" width=\"800\" alt=\"\" class=\"slider-281 slide-285\" title=\"Aper\u00e7u ferme\" \/><\/li>\n                <li style=\"display: none; width: 100%;\" class=\"slide-286 ms-image \" aria-roledescription=\"slide\" aria-label=\"slide-286\"><img loading=\"lazy\" decoding=\"async\" src=\"https:\/\/woodaxe.be\/wp-content\/uploads\/2024\/02\/Apercu-1-Tourelle-Hannut-scaled-800x500.jpg\" height=\"500\" width=\"800\" alt=\"\" class=\"slider-281 slide-286\" title=\"Apercu-1-Tourelle-Hannut\" \/><div class=\"caption-wrap\"><div class=\"caption\">Tourelle carr\u00e9<\/div><\/div><\/li>\n            <\/ul>\n        <\/div>\n        \n    <\/div>\n<\/div><\/div>\n\n\n\n<p><\/p>\n\n\n\n<div class=\"wp-block-columns is-layout-flex wp-container-core-columns-is-layout-9d6595d7 wp-block-columns-is-layout-flex\">\n<div class=\"wp-block-column is-layout-flow wp-block-column-is-layout-flow\"><div class=\"wp-block-image is-style-default\">\n<figure class=\"aligncenter size-full is-resized\"><img loading=\"lazy\" decoding=\"async\" width=\"256\" height=\"256\" src=\"http:\/\/woodaxe.be\/wp-content\/uploads\/2024\/02\/pencil-ruler-outline.png\" alt=\"\" class=\"wp-image-47\" style=\"width:100px\" srcset=\"https:\/\/woodaxe.be\/wp-content\/uploads\/2024\/02\/pencil-ruler-outline.png 256w, https:\/\/woodaxe.be\/wp-content\/uploads\/2024\/02\/pencil-ruler-outline-150x150.png 150w\" sizes=\"auto, (max-width: 256px) 100vw, 256px\" \/><\/figure>\n<\/div>\n\n\n<div style=\"height:20px\" aria-hidden=\"true\" class=\"wp-block-spacer\"><\/div>\n\n\n\n<h3 class=\"wp-block-heading has-text-align-center has-neve-text-color-color has-text-color\">Sur-mesure<\/h3>\n\n\n\n<p class=\"has-text-align-center has-nv-c-2-color has-custom-3-background-color has-text-color has-background has-link-color wp-elements-61d5c2b426ce652d9253a5004fb9495e\">De l&#8217;abri de jardin \u00e0 la maison unifamiliale, nous concevons ensemble votre projet.<\/p>\n\n\n\n<div style=\"height:20px\" aria-hidden=\"true\" class=\"wp-block-spacer\"><\/div>\n<\/div>\n\n\n\n<div class=\"wp-block-column is-layout-flow wp-block-column-is-layout-flow\"><div class=\"wp-block-image\">\n<figure class=\"aligncenter size-full is-resized\"><img loading=\"lazy\" decoding=\"async\" width=\"256\" height=\"256\" src=\"http:\/\/woodaxe.be\/wp-content\/uploads\/2024\/02\/playlist-check.png\" alt=\"\" class=\"wp-image-48\" style=\"width:100px\" srcset=\"https:\/\/woodaxe.be\/wp-content\/uploads\/2024\/02\/playlist-check.png 256w, https:\/\/woodaxe.be\/wp-content\/uploads\/2024\/02\/playlist-check-150x150.png 150w\" sizes=\"auto, (max-width: 256px) 100vw, 256px\" \/><\/figure>\n<\/div>\n\n\n<div style=\"height:20px\" aria-hidden=\"true\" class=\"wp-block-spacer\"><\/div>\n\n\n\n<h3 class=\"wp-block-heading has-text-align-center has-neve-text-color-color has-text-color\">Kits<\/h3>\n\n\n\n<p class=\"has-text-align-center has-nv-c-2-color has-custom-3-background-color has-text-color has-background has-link-color wp-elements-8393115d5ba734a5c5c187992a500464\">Solutions compl\u00e8tes, livr\u00e9es sur chantier.<br>Les bons mat\u00e9riaux au bon moment !<\/p>\n\n\n\n<div style=\"height:20px\" aria-hidden=\"true\" class=\"wp-block-spacer\"><\/div>\n<\/div>\n\n\n\n<div class=\"wp-block-column is-layout-flow wp-block-column-is-layout-flow\"><div class=\"wp-block-image\">\n<figure class=\"aligncenter size-full is-resized\"><img loading=\"lazy\" decoding=\"async\" width=\"256\" height=\"256\" src=\"http:\/\/woodaxe.be\/wp-content\/uploads\/2024\/02\/human-greeting-proximity.png\" alt=\"\" class=\"wp-image-49\" style=\"width:100px\" srcset=\"https:\/\/woodaxe.be\/wp-content\/uploads\/2024\/02\/human-greeting-proximity.png 256w, https:\/\/woodaxe.be\/wp-content\/uploads\/2024\/02\/human-greeting-proximity-150x150.png 150w\" sizes=\"auto, (max-width: 256px) 100vw, 256px\" \/><\/figure>\n<\/div>\n\n\n<div style=\"height:20px\" aria-hidden=\"true\" class=\"wp-block-spacer\"><\/div>\n\n\n\n<h3 class=\"wp-block-heading has-text-align-center has-neve-text-color-color has-text-color\">Coaction<\/h3>\n\n\n\n<p class=\"has-text-align-center has-nv-c-2-color has-custom-3-background-color has-text-color has-background has-link-color wp-elements-41eb4e83d91033f0b2a476276a9ccfba\">Besoin d&#8217;un auditeur, un architecte, un ing\u00e9nieur, un artisan, Woodaxe s&#8217;occupe de tout.<\/p>\n\n\n\n<div style=\"height:20px\" aria-hidden=\"true\" class=\"wp-block-spacer\"><\/div>\n<\/div>\n<\/div>\n\n\n\n<div style=\"height:40px\" aria-hidden=\"true\" class=\"wp-block-spacer\"><\/div>\n\n\n\n<div class=\"wp-block-cover alignfull is-light\" style=\"min-height:300px;aspect-ratio:unset;\"><span aria-hidden=\"true\" class=\"wp-block-cover__background has-custom-2-background-color has-background-dim-100 has-background-dim\"><\/span><div class=\"wp-block-cover__inner-container is-layout-flow wp-block-cover-is-layout-flow\">\n<h2 class=\"wp-block-heading has-text-align-center has-nv-text-dark-bg-color has-text-color\">Travaillons-ensemble !<\/h2>\n\n\n\n<p class=\"has-text-align-center has-neve-text-color-color has-text-color has-link-color has-medium-font-size wp-elements-e186e6ebd9789df93eff1b3d18715e45\">N&#8217;h\u00e9sitez-pas \u00e0 nous contacter pour un projet sur-mesure.<\/p>\n\n\n\n<div class=\"wp-block-buttons is-content-justification-center is-layout-flex wp-container-core-buttons-is-layout-16018d1d wp-block-buttons-is-layout-flex\">\n<div class=\"wp-block-button is-style-primary\"><a class=\"wp-block-button__link wp-element-button\" href=\"\/\/woodaxe.be\/index.php\/contact\/\" target=\"_blank\" rel=\"noreferrer noopener\">Contact<\/a><\/div>\n<\/div>\n\n\n\n<div style=\"height:34px\" aria-hidden=\"true\" class=\"wp-block-spacer\"><\/div>\n\n\n\n<div class=\"wp-block-group\"><div class=\"wp-block-group__inner-container is-layout-constrained wp-block-group-is-layout-constrained\">\n<div class=\"wp-block-group\"><div class=\"wp-block-group__inner-container is-layout-constrained wp-block-group-is-layout-constrained\">\n<div class=\"wp-block-buttons has-custom-font-size has-small-font-size is-content-justification-center is-layout-flex wp-container-core-buttons-is-layout-16018d1d wp-block-buttons-is-layout-flex\"><\/div>\n<\/div><\/div>\n<\/div><\/div>\n<\/div><\/div>\n","protected":false},"excerpt":{"rendered":"<p>Exemples de conceptions de charpentes&#8230; Sur-mesure De l&#8217;abri de jardin \u00e0 la maison unifamiliale, nous concevons ensemble votre projet. Kits Solutions compl\u00e8tes, livr\u00e9es sur chantier.Les bons mat\u00e9riaux au bon moment ! Coaction Besoin d&#8217;un auditeur, un architecte, un ing\u00e9nieur, un artisan, Woodaxe s&#8217;occupe de tout.<\/p>\n","protected":false},"author":1,"featured_media":0,"parent":0,"menu_order":0,"comment_status":"closed","ping_status":"closed","template":"page-templates\/template-pagebuilder-full-width.php","meta":{"neve_meta_sidebar":"","neve_meta_container":"","neve_meta_enable_content_width":"on","neve_meta_content_width":100,"neve_meta_title_alignment":"","neve_meta_author_avatar":"","neve_post_elements_order":"","neve_meta_disable_header":"","neve_meta_disable_footer":"","neve_meta_disable_title":"on","footnotes":""},"class_list":["post-7","page","type-page","status-publish","hentry"],"_links":{"self":[{"href":"https:\/\/woodaxe.be\/index.php\/wp-json\/wp\/v2\/pages\/7","targetHints":{"allow":["GET"]}}],"collection":[{"href":"https:\/\/woodaxe.be\/index.php\/wp-json\/wp\/v2\/pages"}],"about":[{"href":"https:\/\/woodaxe.be\/index.php\/wp-json\/wp\/v2\/types\/page"}],"author":[{"embeddable":true,"href":"https:\/\/woodaxe.be\/index.php\/wp-json\/wp\/v2\/users\/1"}],"replies":[{"embeddable":true,"href":"https:\/\/woodaxe.be\/index.php\/wp-json\/wp\/v2\/comments?post=7"}],"version-history":[{"count":72,"href":"https:\/\/woodaxe.be\/index.php\/wp-json\/wp\/v2\/pages\/7\/revisions"}],"predecessor-version":[{"id":696,"href":"https:\/\/woodaxe.be\/index.php\/wp-json\/wp\/v2\/pages\/7\/revisions\/696"}],"wp:attachment":[{"href":"https:\/\/woodaxe.be\/index.php\/wp-json\/wp\/v2\/media?parent=7"}],"curies":[{"name":"wp","href":"https:\/\/api.w.org\/{rel}","templated":true}]}}