{"id":73,"date":"2024-02-09T11:37:49","date_gmt":"2024-02-09T10:37:49","guid":{"rendered":"https:\/\/woodaxe.be\/?page_id=73"},"modified":"2024-03-17T18:41:10","modified_gmt":"2024-03-17T17:41:10","slug":"conception","status":"publish","type":"page","link":"https:\/\/woodaxe.be\/index.php\/conception\/","title":{"rendered":"Conception"},"content":{"rendered":"\n<div class=\"wp-block-media-text has-media-on-the-right is-stacked-on-mobile is-image-fill\"><div class=\"wp-block-media-text__content\">\n<blockquote class=\"wp-block-quote is-layout-flow wp-block-quote-is-layout-flow\">\n<h3 class=\"wp-block-heading\">Mod\u00e9lisation des structures sur le logiciel Cadwork.<\/h3>\n<\/blockquote>\n<\/div><figure class=\"wp-block-media-text__media\" style=\"background-image:url(http:\/\/woodaxe.be\/wp-content\/uploads\/2024\/02\/Apercu-ferme-1-1024x872.jpg);background-position:52% 17%\"><img loading=\"lazy\" decoding=\"async\" width=\"1024\" height=\"872\" src=\"http:\/\/woodaxe.be\/wp-content\/uploads\/2024\/02\/Apercu-ferme-1-1024x872.jpg\" alt=\"\" class=\"wp-image-141 size-full\" srcset=\"https:\/\/woodaxe.be\/wp-content\/uploads\/2024\/02\/Apercu-ferme-1-1024x872.jpg 1024w, https:\/\/woodaxe.be\/wp-content\/uploads\/2024\/02\/Apercu-ferme-1-300x255.jpg 300w, https:\/\/woodaxe.be\/wp-content\/uploads\/2024\/02\/Apercu-ferme-1-768x654.jpg 768w, https:\/\/woodaxe.be\/wp-content\/uploads\/2024\/02\/Apercu-ferme-1-1536x1308.jpg 1536w, https:\/\/woodaxe.be\/wp-content\/uploads\/2024\/02\/Apercu-ferme-1-2048x1744.jpg 2048w\" sizes=\"auto, (max-width: 1024px) 100vw, 1024px\" \/><\/figure><\/div>\n\n\n\n<div class=\"wp-block-media-text is-stacked-on-mobile\"><figure class=\"wp-block-media-text__media\"><img loading=\"lazy\" decoding=\"async\" width=\"1024\" height=\"683\" src=\"http:\/\/woodaxe.be\/wp-content\/uploads\/2024\/02\/20231002-Belgien115176-1024x683.jpg\" alt=\"\" class=\"wp-image-134 size-full\" srcset=\"https:\/\/woodaxe.be\/wp-content\/uploads\/2024\/02\/20231002-Belgien115176-1024x683.jpg 1024w, https:\/\/woodaxe.be\/wp-content\/uploads\/2024\/02\/20231002-Belgien115176-300x200.jpg 300w, https:\/\/woodaxe.be\/wp-content\/uploads\/2024\/02\/20231002-Belgien115176-768x512.jpg 768w, https:\/\/woodaxe.be\/wp-content\/uploads\/2024\/02\/20231002-Belgien115176-1536x1024.jpg 1536w, https:\/\/woodaxe.be\/wp-content\/uploads\/2024\/02\/20231002-Belgien115176-2048x1365.jpg 2048w, https:\/\/woodaxe.be\/wp-content\/uploads\/2024\/02\/20231002-Belgien115176-930x620.jpg 930w\" sizes=\"auto, (max-width: 1024px) 100vw, 1024px\" \/><\/figure><div class=\"wp-block-media-text__content\">\n<blockquote class=\"wp-block-quote is-layout-flow wp-block-quote-is-layout-flow\">\n<h3 class=\"wp-block-heading\">R\u00e9alisation termin\u00e9e<\/h3>\n<\/blockquote>\n<\/div><\/div>\n\n\n\n<p>Partenaire de vos chantiers, Woodaxe vous propose un service \u00e0 la carte&nbsp;:<\/p>\n\n\n\n<ul class=\"wp-block-list\">\n<li>Prise de mesures et r\u00e9alisation d\u2019une maquette 3D de l\u2019existant. <strong>Pour une base de travail pr\u00e9cise et fiable&nbsp;!<\/strong><\/li>\n\n\n\n<li>Etude de la structure et pr\u00e9dimensionnement. <strong>Des solutions faciles \u00e0 mettre en \u0153uvre<\/strong> et r\u00e9pondant aux exigences de chaque chantier et entreprise (moyen de levage, transport, etc.).<\/li>\n\n\n\n<li>Maquette 3D de la situation projet\u00e9e en lien .html offrant <strong>une bonne compr\u00e9hension des choix constructifs<\/strong> et permettant des <strong>\u00e9changes ais\u00e9s avec le ma\u00eetre d\u2019ouvrage et l\u2019architecte<\/strong>.<\/li>\n\n\n\n<li>Plans 2D contractuels et carnet de d\u00e9tails avant la mise en production. <strong>Pas de contestations possibles<\/strong> avec la validation de l\u2019architecte sur les plans.<\/li>\n\n\n\n<li>Plans de fabrication pour les entreprises externes, exemple&nbsp;: fa\u00e7onnages alu, zinc, ferrures et m\u00e9talleries, d\u00e9bits de panneaux cintr\u00e9s, etc. <strong>Conformit\u00e9 assur\u00e9e&nbsp;!<\/strong><\/li>\n\n\n\n<li>Plans d\u2019atelier, d\u00e9bit et assemblage d\u2019ossatures, de charpente, d\u00e9tail des fixations et informations particuli\u00e8res au besoin.<\/li>\n\n\n\n<li>Plans de chargement camion, d\u2019\u00e9lingage, d\u2019implantation du chantier pour demandes diverses aupr\u00e8s des communes, des entreprises de location de grue, etc.<\/li>\n\n\n\n<li>Plans de chantier, lisses d\u2019implantations, ordre de levage, assemblages particuliers, r\u00e9servations dans les ma\u00e7onneries, gitages, chevronnages, etc.<\/li>\n<\/ul>\n\n\n\n<p>Tous les plans peuvent-\u00eatre fournis dans le format souhait\u00e9, papier, pdf ou dwg, de A4 jusque A0. Plastifi\u00e9s ou rang\u00e9s dans des fardes \u00e9tanches (pour A4 et A3 uniquement), selon vos habitudes de travail.<\/p>\n\n\n\n<p>&nbsp;&nbsp;&nbsp;&nbsp;&nbsp;&nbsp;&nbsp;&nbsp;&nbsp;&nbsp;&nbsp;&nbsp;&nbsp;&nbsp;&nbsp; Woodaxe peut \u00e9galement s\u2019occuper du taillage num\u00e9rique de votre chantier et vous livrer un kit pr\u00eat au montage, quincaillerie et panneaux compris&nbsp;!<\/p>\n\n\n\n<div class=\"wp-block-cover alignfull is-light\" style=\"min-height:173px;aspect-ratio:unset;\"><span aria-hidden=\"true\" class=\"wp-block-cover__background has-custom-2-background-color has-background-dim-100 has-background-dim\"><\/span><div class=\"wp-block-cover__inner-container is-layout-flow wp-block-cover-is-layout-flow\">\n<p class=\"has-text-align-center has-nv-site-bg-color has-text-color has-link-color has-medium-font-size wp-elements-4e2ecc8943442051f101299e4410b32f\"><\/p>\n\n\n\n<div class=\"wp-block-buttons has-custom-font-size has-small-font-size is-content-justification-center is-layout-flex wp-container-core-buttons-is-layout-16018d1d wp-block-buttons-is-layout-flex\"><\/div>\n<\/div><\/div>\n","protected":false},"excerpt":{"rendered":"<p>Partenaire de vos chantiers, Woodaxe vous propose un service \u00e0 la carte&nbsp;: Tous les plans peuvent-\u00eatre fournis dans le format souhait\u00e9, papier, pdf ou dwg, de A4 jusque A0. Plastifi\u00e9s ou rang\u00e9s dans des fardes \u00e9tanches (pour A4 et A3 uniquement), selon vos habitudes de travail. &nbsp;&nbsp;&nbsp;&nbsp;&nbsp;&nbsp;&nbsp;&nbsp;&nbsp;&nbsp;&nbsp;&nbsp;&nbsp;&nbsp;&nbsp; Woodaxe peut \u00e9galement s\u2019occuper du taillage num\u00e9rique de&hellip;&nbsp;<a href=\"https:\/\/woodaxe.be\/index.php\/conception\/\" class=\"\" rel=\"bookmark\">Read More &raquo;<span class=\"screen-reader-text\">Conception<\/span><\/a><\/p>\n","protected":false},"author":1,"featured_media":0,"parent":0,"menu_order":0,"comment_status":"closed","ping_status":"closed","template":"","meta":{"neve_meta_sidebar":"","neve_meta_container":"","neve_meta_enable_content_width":"","neve_meta_content_width":0,"neve_meta_title_alignment":"","neve_meta_author_avatar":"","neve_post_elements_order":"","neve_meta_disable_header":"","neve_meta_disable_footer":"","neve_meta_disable_title":"","footnotes":""},"class_list":["post-73","page","type-page","status-publish","hentry"],"_links":{"self":[{"href":"https:\/\/woodaxe.be\/index.php\/wp-json\/wp\/v2\/pages\/73","targetHints":{"allow":["GET"]}}],"collection":[{"href":"https:\/\/woodaxe.be\/index.php\/wp-json\/wp\/v2\/pages"}],"about":[{"href":"https:\/\/woodaxe.be\/index.php\/wp-json\/wp\/v2\/types\/page"}],"author":[{"embeddable":true,"href":"https:\/\/woodaxe.be\/index.php\/wp-json\/wp\/v2\/users\/1"}],"replies":[{"embeddable":true,"href":"https:\/\/woodaxe.be\/index.php\/wp-json\/wp\/v2\/comments?post=73"}],"version-history":[{"count":14,"href":"https:\/\/woodaxe.be\/index.php\/wp-json\/wp\/v2\/pages\/73\/revisions"}],"predecessor-version":[{"id":688,"href":"https:\/\/woodaxe.be\/index.php\/wp-json\/wp\/v2\/pages\/73\/revisions\/688"}],"wp:attachment":[{"href":"https:\/\/woodaxe.be\/index.php\/wp-json\/wp\/v2\/media?parent=73"}],"curies":[{"name":"wp","href":"https:\/\/api.w.org\/{rel}","templated":true}]}}